{"id":6641,"date":"2021-07-16T12:51:33","date_gmt":"2021-07-16T12:51:33","guid":{"rendered":"https:\/\/www.soleil-de-crete.fr\/?page_id=6641"},"modified":"2021-07-19T14:20:40","modified_gmt":"2021-07-19T14:20:40","slug":"blog-2","status":"publish","type":"page","link":"https:\/\/www.soleil-de-crete.fr\/en\/blog-2\/","title":{"rendered":"Blog"},"content":{"rendered":"\t\t<div class=\"bdp-list-main bdp-design-2 bdp-clearfix\">\r\n\t\t\t<div class=\"bdp-post-list bdp-clearfix\">\r\n\t<div class=\"bdp-post-list-content\">\r\n\t\t\t\t<div class=\"bdp-medium-6 bdp-columns\">\r\n\t\t\t<div class=\"bdp-post-image-bg\">\r\n\t\t\t\t<a href=\"https:\/\/www.soleil-de-crete.fr\/en\/before-you-go\/\">\r\n\t\t\t\t\t<img src=\"https:\/\/www.soleil-de-crete.fr\/wp-content\/uploads\/2019\/01\/DSC_1083-copie-768x1175.jpg\" alt=\"SAMARIA GORGES OUT OF CROWD\" \/>\r\n\t\t\t\t<\/a>\r\n\t\t\t<\/div>\r\n\t\t<\/div>\r\n\t\t\r\n\t\t<div class=\"bdp-medium-6 bdp-columns\">\r\n\t\t\t\t\t\t<div class=\"bdp-post-categories\">\r\n\t\t\t\t<a href=\"https:\/\/www.soleil-de-crete.fr\/en\/category\/safety\/\">Safety<\/a>\t\t\t<\/div>\r\n\t\t\t\r\n\t\t\t<h2 class=\"bdp-post-title\">\r\n\t\t\t\t<a href=\"https:\/\/www.soleil-de-crete.fr\/en\/before-you-go\/\">SAMARIA GORGES OUT OF CROWD<\/a>\r\n\t\t\t<\/h2>\r\n\t\t\t\t\r\n\t\t\t\t\t\t\t<div class=\"bdp-post-meta\">\r\n\t\t\t\t\t\t\t\t\t\t\t<span class=\"bdp-post-meta-innr bdp-user-img\">AdventureTours<\/span>\r\n\t\t\t\t\t\t\t\t\t\t<span class=\"bdpp-post-meta-sep\">\/<\/span>\t\t\t\t\t\t\t\t\t\t\t<span class=\"bdp-post-meta-innr bdp-time\">March 13, 2025 <\/span>\r\n\t\t\t\t\t\t\t\t\t\t\t\t\t\t\t\t\r\n\t\t\t\t<\/div>\r\n\t\t\t\t\t\t<div class=\"bdp-post-content\">\r\n\t\t\t\t<div class=\"bdp-post-short-content\">{:fr}RANDONN\u00c9E DANS LES GORGES DE SAMARIA S\u00e9jour de 5 jours \/4 nuits \u00e0 partir de la mi-avril \u00e0 fin octobre...<\/div>\r\n\t\t\t\t\t\t\t\t<a href=\"https:\/\/www.soleil-de-crete.fr\/en\/before-you-go\/\" class=\"bdp-readmorebtn\">Read More<\/a>\r\n\t\t\t\t\t\t\t<\/div>\r\n\t\t\t\t\t\t<div class=\"bdp-post-tags\"> <a href=\"https:\/\/www.soleil-de-crete.fr\/en\/tag\/checklist\/\" rel=\"tag\">Checklist<\/a>, <a href=\"https:\/\/www.soleil-de-crete.fr\/en\/tag\/insurance\/\" rel=\"tag\">Insurance<\/a><\/div>\r\n\t\t\t\t\t<\/div>\r\n\t<\/div>\r\n<\/div><div class=\"bdp-post-list bdp-clearfix\">\r\n\t<div class=\"bdp-post-list-content\">\r\n\t\t\t\t<div class=\"bdp-medium-6 bdp-columns\">\r\n\t\t\t<div class=\"bdp-post-image-bg\">\r\n\t\t\t\t<a href=\"https:\/\/www.soleil-de-crete.fr\/en\/sejour-yoga-en-crete-8-a-15-pers\/\">\r\n\t\t\t\t\t<img src=\"https:\/\/www.soleil-de-crete.fr\/wp-content\/uploads\/2019\/02\/images-Yoga-soleil-couchant.jpg\" alt=\"Yoga workshop and well being in Crete &#8211; 8 DAYS full board (from 8 to 15 poeple)\" \/>\r\n\t\t\t\t<\/a>\r\n\t\t\t<\/div>\r\n\t\t<\/div>\r\n\t\t\r\n\t\t<div class=\"bdp-medium-6 bdp-columns\">\r\n\t\t\t\t\t\t<div class=\"bdp-post-categories\">\r\n\t\t\t\t<a href=\"https:\/\/www.soleil-de-crete.fr\/en\/category\/uncategorized\/\">Uncategorized<\/a>\t\t\t<\/div>\r\n\t\t\t\r\n\t\t\t<h2 class=\"bdp-post-title\">\r\n\t\t\t\t<a href=\"https:\/\/www.soleil-de-crete.fr\/en\/sejour-yoga-en-crete-8-a-15-pers\/\">Yoga workshop and well being in Crete &#8211; 8 DAYS full board (from 8 to 15 poeple)<\/a>\r\n\t\t\t<\/h2>\r\n\t\t\t\t\r\n\t\t\t\t\t\t\t<div class=\"bdp-post-meta\">\r\n\t\t\t\t\t\t\t\t\t\t\t<span class=\"bdp-post-meta-innr bdp-user-img\">admin<\/span>\r\n\t\t\t\t\t\t\t\t\t\t<span class=\"bdpp-post-meta-sep\">\/<\/span>\t\t\t\t\t\t\t\t\t\t\t<span class=\"bdp-post-meta-innr bdp-time\">March 7, 2025 <\/span>\r\n\t\t\t\t\t\t\t\t\t\t\t\t\t\t\t\t\r\n\t\t\t\t<\/div>\r\n\t\t\t\t\t\t<div class=\"bdp-post-content\">\r\n\t\t\t\t<div class=\"bdp-post-short-content\">{:fr}[vc_row][vc_column][vc_column_text] 8 jours \/ 7 nuits A partir de 1195 \u20ac \/ pers. PENSION COMPLETE (+ vols AR autour de...<\/div>\r\n\t\t\t\t\t\t\t\t<a href=\"https:\/\/www.soleil-de-crete.fr\/en\/sejour-yoga-en-crete-8-a-15-pers\/\" class=\"bdp-readmorebtn\">Read More<\/a>\r\n\t\t\t\t\t\t\t<\/div>\r\n\t\t\t\t\t<\/div>\r\n\t<\/div>\r\n<\/div><div class=\"bdp-post-list bdp-clearfix\">\r\n\t<div class=\"bdp-post-list-content\">\r\n\t\t\t\t<div class=\"bdp-medium-6 bdp-columns\">\r\n\t\t\t<div class=\"bdp-post-image-bg\">\r\n\t\t\t\t<a href=\"https:\/\/www.soleil-de-crete.fr\/en\/4-bonnes-raisons-de-choisir-la-crete-en-avril\/\">\r\n\t\t\t\t\t<img src=\"https:\/\/www.soleil-de-crete.fr\/wp-content\/uploads\/2019\/01\/image37.jpeg\" alt=\"4 reasons to travel in Crete in September\" \/>\r\n\t\t\t\t<\/a>\r\n\t\t\t<\/div>\r\n\t\t<\/div>\r\n\t\t\r\n\t\t<div class=\"bdp-medium-6 bdp-columns\">\r\n\t\t\t\t\t\t<div class=\"bdp-post-categories\">\r\n\t\t\t\t<a href=\"https:\/\/www.soleil-de-crete.fr\/en\/category\/reviews\/\">Reviews<\/a>\t\t\t<\/div>\r\n\t\t\t\r\n\t\t\t<h2 class=\"bdp-post-title\">\r\n\t\t\t\t<a href=\"https:\/\/www.soleil-de-crete.fr\/en\/4-bonnes-raisons-de-choisir-la-crete-en-avril\/\">4 reasons to travel in Crete in September<\/a>\r\n\t\t\t<\/h2>\r\n\t\t\t\t\r\n\t\t\t\t\t\t\t<div class=\"bdp-post-meta\">\r\n\t\t\t\t\t\t\t\t\t\t\t<span class=\"bdp-post-meta-innr bdp-user-img\">admin<\/span>\r\n\t\t\t\t\t\t\t\t\t\t<span class=\"bdpp-post-meta-sep\">\/<\/span>\t\t\t\t\t\t\t\t\t\t\t<span class=\"bdp-post-meta-innr bdp-time\">March 7, 2024 <\/span>\r\n\t\t\t\t\t\t\t\t\t\t\t\t\t\t\t\t\r\n\t\t\t\t<\/div>\r\n\t\t\t\t\t\t<div class=\"bdp-post-content\">\r\n\t\t\t\t<div class=\"bdp-post-short-content\">{:fr}[vc_row][vc_column][vc_column_text]1 - Le climat y est tr\u00e8s agr\u00e9able (20\u00b0C en moyenne)\u00a0 2 - Une v\u00e9g\u00e9tation luxuriante (champs d'Oliviers en fleurs)\u00a0...<\/div>\r\n\t\t\t\t\t\t\t\t<a href=\"https:\/\/www.soleil-de-crete.fr\/en\/4-bonnes-raisons-de-choisir-la-crete-en-avril\/\" class=\"bdp-readmorebtn\">Read More<\/a>\r\n\t\t\t\t\t\t\t<\/div>\r\n\t\t\t\t\t<\/div>\r\n\t<\/div>\r\n<\/div>\t\t<\/div>\t\t\r\n\t\t\n","protected":false},"excerpt":{"rendered":"{:fr}[vc_row][vc_column][vc_column_text]1 - Le climat y est tr\u00e8s agr\u00e9able (20\u00b0C en moyenne)\u00a0 2 - Une v\u00e9g\u00e9tation luxuriante (champs d'Oliviers en fleurs)\u00a0 3 - Le red\u00e9marrage des excursions en bateau (Sud de l'\u00eele) 4 - Vols directs tous les deux jours \u00e0 partir de la mi-avril.\u00a0 &gt; Attention la destination Cr\u00e8te est tr\u00e8s demand\u00e9e cette ann\u00e9e, ne<div class=\"padding-top text-center\"><a href=\"https:\/\/www.soleil-de-crete.fr\/en\/4-bonnes-raisons-de-choisir-la-crete-en-avril\/\" class=\"atbtn atbtn--medium atbtn--rounded atbtn--transparent\">Read more<i class=\"atbtn__icon atbtn__icon--right fa fa-long-arrow-right\"><\/i><\/a><\/div>","protected":false},"author":1,"featured_media":0,"parent":0,"menu_order":0,"comment_status":"closed","ping_status":"closed","template":"","meta":[],"translation":{"provider":"WPGlobus","version":"2.8.1","language":"en","enabled_languages":["fr","en"],"languages":{"fr":{"title":true,"content":true,"excerpt":false},"en":{"title":false,"content":false,"excerpt":false}}},"_links":{"self":[{"href":"https:\/\/www.soleil-de-crete.fr\/en\/wp-json\/wp\/v2\/pages\/6641"}],"collection":[{"href":"https:\/\/www.soleil-de-crete.fr\/en\/wp-json\/wp\/v2\/pages"}],"about":[{"href":"https:\/\/www.soleil-de-crete.fr\/en\/wp-json\/wp\/v2\/types\/page"}],"author":[{"embeddable":true,"href":"https:\/\/www.soleil-de-crete.fr\/en\/wp-json\/wp\/v2\/users\/1"}],"replies":[{"embeddable":true,"href":"https:\/\/www.soleil-de-crete.fr\/en\/wp-json\/wp\/v2\/comments?post=6641"}],"version-history":[{"count":2,"href":"https:\/\/www.soleil-de-crete.fr\/en\/wp-json\/wp\/v2\/pages\/6641\/revisions"}],"predecessor-version":[{"id":6659,"href":"https:\/\/www.soleil-de-crete.fr\/en\/wp-json\/wp\/v2\/pages\/6641\/revisions\/6659"}],"wp:attachment":[{"href":"https:\/\/www.soleil-de-crete.fr\/en\/wp-json\/wp\/v2\/media?parent=6641"}],"curies":[{"name":"wp","href":"https:\/\/api.w.org\/{rel}","templated":true}]}}