{"id":4868,"date":"2019-03-04T13:48:18","date_gmt":"2019-03-04T13:48:18","guid":{"rendered":"http:\/\/www.soleil-de-crete.fr\/?page_id=4868"},"modified":"2019-03-04T13:48:46","modified_gmt":"2019-03-04T13:48:46","slug":"mentions-legales","status":"publish","type":"page","link":"https:\/\/www.soleil-de-crete.fr\/en\/mentions-legales\/","title":{"rendered":"Mentions L\u00e9gales"},"content":{"rendered":"<h3><strong>La soci\u00e9t\u00e9 Soleil-de-Cr\u00e8te<\/strong> est une entit\u00e9 commerciale de la <strong>soci\u00e9t\u00e9 5W<\/strong><\/h3>\n<p>SARL au capital de 7.623 euros immatricul\u00e9e au RCS de Paris sous le num\u00e9ro 424 009 488 00026<br \/>\ndont le si\u00e8ge social est situ\u00e9 <strong>4 rue des Foss\u00e9s Saint Jacques 75005 PARIS<\/strong><\/p>\n<ul>\n<li>T\u00e9l. <strong>+ 33 (0)9 83 200 015<\/strong><\/li>\n<li>Mail. <a href=\"mailto:contact@soleil-de-crete.fr\">contact@soleil-de-crete.fr<\/a><\/li>\n<\/ul>\n","protected":false},"excerpt":{"rendered":"<p>La soci\u00e9t\u00e9 Soleil-de-Cr\u00e8te est une entit\u00e9 commerciale de la soci\u00e9t\u00e9 5W SARL au capital de 7.623 euros immatricul\u00e9e au RCS de Paris sous le num\u00e9ro 424 009 488 00026 dont le si\u00e8ge social est situ\u00e9 4 rue des Foss\u00e9s Saint Jacques 75005 PARIS T\u00e9l. + 33 (0)9 83 200 015 Mail. contact@soleil-de-crete.fr<\/p>\n","protected":false},"author":1,"featured_media":0,"parent":0,"menu_order":0,"comment_status":"closed","ping_status":"closed","template":"","meta":[],"translation":{"provider":"WPGlobus","version":"2.8.1","language":"en","enabled_languages":["fr","en"],"languages":{"fr":{"title":true,"content":true,"excerpt":false},"en":{"title":false,"content":false,"excerpt":false}}},"_links":{"self":[{"href":"https:\/\/www.soleil-de-crete.fr\/en\/wp-json\/wp\/v2\/pages\/4868"}],"collection":[{"href":"https:\/\/www.soleil-de-crete.fr\/en\/wp-json\/wp\/v2\/pages"}],"about":[{"href":"https:\/\/www.soleil-de-crete.fr\/en\/wp-json\/wp\/v2\/types\/page"}],"author":[{"embeddable":true,"href":"https:\/\/www.soleil-de-crete.fr\/en\/wp-json\/wp\/v2\/users\/1"}],"replies":[{"embeddable":true,"href":"https:\/\/www.soleil-de-crete.fr\/en\/wp-json\/wp\/v2\/comments?post=4868"}],"version-history":[{"count":1,"href":"https:\/\/www.soleil-de-crete.fr\/en\/wp-json\/wp\/v2\/pages\/4868\/revisions"}],"predecessor-version":[{"id":4873,"href":"https:\/\/www.soleil-de-crete.fr\/en\/wp-json\/wp\/v2\/pages\/4868\/revisions\/4873"}],"wp:attachment":[{"href":"https:\/\/www.soleil-de-crete.fr\/en\/wp-json\/wp\/v2\/media?parent=4868"}],"curies":[{"name":"wp","href":"https:\/\/api.w.org\/{rel}","templated":true}]}}