{"id":263,"date":"2015-07-16T16:00:39","date_gmt":"2015-07-16T16:00:39","guid":{"rendered":"http:\/\/adventure-tours.themedelight.com\/?page_id=9"},"modified":"2024-03-10T09:56:54","modified_gmt":"2024-03-10T09:56:54","slug":"voyage-organise-crete-groupe-12-personnes","status":"publish","type":"page","link":"https:\/\/www.soleil-de-crete.fr\/en\/voyage-organise-crete-groupe-12-personnes\/","title":{"rendered":"YOUR CUSTOM GROUP STAY FROM 8 POEPLE"},"content":{"rendered":"<p>[vc_row el_class=&#8221;margin-bottom&#8221;][vc_column offset=&#8221;vc_col-md-6&#8243;]<div class=\"title\">\n\t\t<h3 class=\"title__primary\">Votre s\u00e9jour en groupe<\/h3>\n<\/div>\n[vc_column_text]Nous vous aidons \u00e0 monter votre projet de s\u00e9jour pour groupes d\u00e8s 8 personnes. Nous organisons par exemple de nombreux s\u00e9jours de Yoga, randonn\u00e9e, gastronomie, visites culturelles pour les clubs, associations, CE. Nous organisons aussi tout simplement vos r\u00e9unions de famille ou sorties entre coll\u00e8gues ou vacances entre amis. Nous sommes joignable par t\u00e9l\u00e9phone du lundi au samedi de 9h30 \u00e0 19h ou par email \u00e0 votre convenance. Vous pouvez aussi nous laisser un message et vos coordonn\u00e9es ci-contre, et nous vous rappellerons.[\/vc_column_text]<div class=\"contact-info\">\n\t\n\t<div class=\"contact-info__item\"><a href=\"tel:+330983200015\"><span class=\"contact-info__item__icon\"><i class=\"fa fa-phone\"><\/i><\/span><span class=\"contact-info__item__text\">+ 33 (0)9 83 200 015<\/span><\/a><\/div>\n\t\n\t<div class=\"contact-info__item\"><a href=\"mailto:contact@soleildecrete.fr\"><span class=\"contact-info__item__icon\"><i class=\"fa fa-envelope contact-info__item__icon__email\"><\/i><\/span><span class=\"contact-info__item__text\">contact@soleildecrete.fr<\/span><\/a><\/div>\n\t<div class=\"contact-info__item\"><a href=\"skype:soleil-de-crete\"><span class=\"contact-info__item__icon\"><i class=\"fa fa-skype\"><\/i><\/span><span class=\"contact-info__item__text\">soleil-de-crete<\/span><\/a><\/div><\/div>\n[vc_empty_space height=&#8221;20px&#8221;]<div class=\"social-icons social-icons--square\">\n\t<div class=\"social-icons__icons\">\n\t\t\t<a href=\"https:\/\/www.facebook.com\/soleildecretevoyages\/\" class=\"social-icons__icon social-icons__icon--facebook\"><i class=\"fa fa-facebook\"><\/i><\/a>\n\t\t\t\t\t\t\t\t\t\t\t\t<\/div>\n<\/div>\n[\/vc_column][vc_column offset=&#8221;vc_col-md-6&#8243;][vc_empty_space height=&#8221;40px&#8221; el_class=&#8221;visible-sm visible-xs&#8221;]<div class=\"title\">\n\t\t<h3 class=\"title__primary\">Nous joindre<\/h3>\n<\/div>\n<div role=\"form\" class=\"wpcf7\" id=\"wpcf7-f3028-o1\" lang=\"en-US\" dir=\"ltr\">\n<div class=\"screen-reader-response\"><p role=\"status\" aria-live=\"polite\" aria-atomic=\"true\"><\/p> <ul><\/ul><\/div>\n<form action=\"\/en\/wp-json\/wp\/v2\/pages\/263#wpcf7-f3028-o1\" method=\"post\" class=\"wpcf7-form init\" novalidate=\"novalidate\" data-status=\"init\">\n<div style=\"display: none;\">\n<input type=\"hidden\" name=\"_wpcf7\" value=\"3028\" \/>\n<input type=\"hidden\" name=\"_wpcf7_version\" value=\"5.4.2\" \/>\n<input type=\"hidden\" name=\"_wpcf7_locale\" value=\"en_US\" \/>\n<input type=\"hidden\" name=\"_wpcf7_unit_tag\" value=\"wpcf7-f3028-o1\" \/>\n<input type=\"hidden\" name=\"_wpcf7_container_post\" value=\"0\" \/>\n<input type=\"hidden\" name=\"_wpcf7_posted_data_hash\" value=\"\" \/>\n<input type=\"hidden\" name=\"_wpcf7_recaptcha_response\" value=\"\" \/>\n<\/div>\n<div class=\"form-contact\">\n<div class=\"form-contact__fields-short\">\n<div class=\"form-contact__item-short\"><span class=\"wpcf7-form-control-wrap your-lastname\"><input type=\"text\" name=\"your-lastname\" value=\"\" size=\"40\" class=\"wpcf7-form-control wpcf7-text wpcf7-validates-as-required\" aria-required=\"true\" aria-invalid=\"false\" placeholder=\"Pr\u00e9nom\" \/><\/span><\/div>\n<div class=\"form-contact__item-short\"><span class=\"wpcf7-form-control-wrap your-name\"><input type=\"text\" name=\"your-name\" value=\"\" size=\"40\" class=\"wpcf7-form-control wpcf7-text wpcf7-validates-as-required\" aria-required=\"true\" aria-invalid=\"false\" placeholder=\"Nom\" \/><\/span><\/div>\n<\/div>\n<div class=\"form-contact__fields-short\">\n<div class=\"form-contact__item-short\"><span class=\"wpcf7-form-control-wrap your-email\"><input type=\"email\" name=\"your-email\" value=\"\" size=\"40\" class=\"wpcf7-form-control wpcf7-text wpcf7-email wpcf7-validates-as-required wpcf7-validates-as-email\" aria-required=\"true\" aria-invalid=\"false\" placeholder=\"Email\" \/><\/span><\/div>\n<div class=\"form-contact__item-short\"><span class=\"wpcf7-form-control-wrap your-number\"><input type=\"number\" name=\"your-number\" value=\"\" class=\"wpcf7-form-control wpcf7-number wpcf7-validates-as-required wpcf7-validates-as-number\" aria-required=\"true\" aria-invalid=\"false\" placeholder=\"Num\u00e9ro de T\u00e9l\" \/><\/span><\/div>\n<\/div>\n<p>    <span class=\"wpcf7-form-control-wrap your-message\"><textarea name=\"your-message\" cols=\"0\" rows=\"0\" class=\"wpcf7-form-control wpcf7-textarea\" aria-invalid=\"false\" placeholder=\"Message\"><\/textarea><\/span><br \/>\n   <span class=\"wpcf7-form-control-wrap date-550\"><input type=\"date\" name=\"date-550\" value=\"\" class=\"wpcf7-form-control wpcf7-date wpcf7-validates-as-date\" aria-invalid=\"false\" \/><\/span><\/p>\n<span class=\"wpcf7-form-control-wrap recaptcha\" data-name=\"recaptcha\"><span data-sitekey=\"6LdqHWUnAAAAAESmqpOljFRg9hkaKrD4cwDaFtre\" class=\"wpcf7-form-control g-recaptcha wpcf7-recaptcha\"><\/span>\n<noscript>\n\t<div class=\"grecaptcha-noscript\">\n\t\t<iframe src=\"https:\/\/www.google.com\/recaptcha\/api\/fallback?k=6LdqHWUnAAAAAESmqpOljFRg9hkaKrD4cwDaFtre\" frameborder=\"0\" scrolling=\"no\" width=\"310\" height=\"430\">\n\t\t<\/iframe>\n\t\t<textarea name=\"g-recaptcha-response\" rows=\"3\" cols=\"40\" placeholder=\"reCaptcha Response Here\">\n\t\t<\/textarea>\n\t<\/div>\n<\/noscript>\n<\/span>\n<p>    <button type=\"submit\" class=\"button button--style1 button--with-icon\"><i class=\"fa fa-paper-plane\"><\/i>ENVOYER<\/button>\n<\/p><\/div>\n<div class=\"wpcf7-response-output\" aria-hidden=\"true\"><\/div><\/form><\/div>[\/vc_column][\/vc_row][vc_row][vc_column][\/vc_column][\/vc_row]<\/p>\n","protected":false},"excerpt":{"rendered":"<p>[vc_row el_class=&#8221;margin-bottom&#8221;][vc_column offset=&#8221;vc_col-md-6&#8243;][vc_column_text]Nous vous aidons \u00e0 monter votre projet de s\u00e9jour pour groupes d\u00e8s 8 personnes. Nous organisons par exemple de nombreux s\u00e9jours de Yoga, randonn\u00e9e, gastronomie, visites culturelles pour les clubs, associations, CE. Nous organisons aussi tout simplement vos r\u00e9unions de famille ou sorties entre coll\u00e8gues ou vacances entre amis. Nous sommes joignable par<\/p>\n<div class=\"padding-top text-center\"><a href=\"https:\/\/www.soleil-de-crete.fr\/en\/voyage-organise-crete-groupe-12-personnes\/\" class=\"atbtn atbtn--medium atbtn--rounded atbtn--transparent\">Read more<i class=\"atbtn__icon atbtn__icon--right fa fa-long-arrow-right\"><\/i><\/a><\/div>\n","protected":false},"author":2,"featured_media":0,"parent":0,"menu_order":0,"comment_status":"open","ping_status":"open","template":"","meta":[],"translation":{"provider":"WPGlobus","version":"2.8.1","language":"en","enabled_languages":["fr","en"],"languages":{"fr":{"title":true,"content":true,"excerpt":false},"en":{"title":true,"content":false,"excerpt":false}}},"_links":{"self":[{"href":"https:\/\/www.soleil-de-crete.fr\/en\/wp-json\/wp\/v2\/pages\/263"}],"collection":[{"href":"https:\/\/www.soleil-de-crete.fr\/en\/wp-json\/wp\/v2\/pages"}],"about":[{"href":"https:\/\/www.soleil-de-crete.fr\/en\/wp-json\/wp\/v2\/types\/page"}],"author":[{"embeddable":true,"href":"https:\/\/www.soleil-de-crete.fr\/en\/wp-json\/wp\/v2\/users\/2"}],"replies":[{"embeddable":true,"href":"https:\/\/www.soleil-de-crete.fr\/en\/wp-json\/wp\/v2\/comments?post=263"}],"version-history":[{"count":58,"href":"https:\/\/www.soleil-de-crete.fr\/en\/wp-json\/wp\/v2\/pages\/263\/revisions"}],"predecessor-version":[{"id":7036,"href":"https:\/\/www.soleil-de-crete.fr\/en\/wp-json\/wp\/v2\/pages\/263\/revisions\/7036"}],"wp:attachment":[{"href":"https:\/\/www.soleil-de-crete.fr\/en\/wp-json\/wp\/v2\/media?parent=263"}],"curies":[{"name":"wp","href":"https:\/\/api.w.org\/{rel}","templated":true}]}}